{"id":8388,"date":"2025-08-02T10:12:03","date_gmt":"2025-08-02T03:12:03","guid":{"rendered":"https:\/\/kaguranutri.com\/about\/"},"modified":"2025-08-04T15:12:32","modified_gmt":"2025-08-04T08:12:32","slug":"about","status":"publish","type":"page","link":"https:\/\/kaguranutri.com\/?page_id=8388","title":{"rendered":"About"},"content":{"rendered":"\t\t<div data-elementor-type=\"wp-post\" data-elementor-id=\"8388\" class=\"elementor elementor-8388\">\n\t\t\t\t<div class=\"elementor-element elementor-element-dfdc5a6 e-flex e-con-boxed e-con e-parent\" data-id=\"dfdc5a6\" data-element_type=\"container\" data-settings=\"{&quot;background_background&quot;:&quot;classic&quot;}\">\n\t\t\t\t\t<div class=\"e-con-inner\">\n\t\t<div class=\"elementor-element elementor-element-1eaf493 e-con-full e-flex e-con e-child\" data-id=\"1eaf493\" data-element_type=\"container\">\n\t\t\t\t<div class=\"elementor-element elementor-element-2ea6a7d elementor-widget elementor-widget-heading\" data-id=\"2ea6a7d\" data-element_type=\"widget\" data-widget_type=\"heading.default\">\n\t\t\t\t<div class=\"elementor-widget-container\">\n\t\t\t\t\t<h1 class=\"elementor-heading-title elementor-size-default\">About Us<\/h1>\t\t\t\t<\/div>\n\t\t\t\t<\/div>\n\t\t\t\t<\/div>\n\t\t\t\t\t<\/div>\n\t\t\t\t<\/div>\n\t\t<div class=\"elementor-element elementor-element-6578245 e-flex e-con-boxed e-con e-parent\" data-id=\"6578245\" data-element_type=\"container\" data-settings=\"{&quot;background_background&quot;:&quot;classic&quot;}\">\n\t\t\t\t\t<div class=\"e-con-inner\">\n\t\t<div class=\"elementor-element elementor-element-625da73 e-con-full e-flex e-con e-child\" data-id=\"625da73\" data-element_type=\"container\">\n\t\t\t\t<div class=\"elementor-element elementor-element-d62b39a elementor-widget elementor-widget-image\" data-id=\"d62b39a\" data-element_type=\"widget\" data-widget_type=\"image.default\">\n\t\t\t\t<div class=\"elementor-widget-container\">\n\t\t\t\t\t\t\t\t\t\t\t\t\t\t\t<img decoding=\"async\" width=\"209\" height=\"90\" src=\"https:\/\/kaguranutri.com\/wp-content\/uploads\/2021\/03\/basil-leaf.png\" class=\"attachment-full size-full wp-image-4204\" alt=\"basil leaf\" \/>\t\t\t\t\t\t\t\t\t\t\t\t\t\t\t<\/div>\n\t\t\t\t<\/div>\n\t\t\t\t<\/div>\n\t\t\t\t\t<\/div>\n\t\t\t\t<\/div>\n\t\t<div class=\"elementor-element elementor-element-748980c e-flex e-con-boxed e-con e-parent\" data-id=\"748980c\" data-element_type=\"container\" data-settings=\"{&quot;background_background&quot;:&quot;classic&quot;}\">\n\t\t\t\t\t<div class=\"e-con-inner\">\n\t\t<div class=\"elementor-element elementor-element-9945606 e-con-full e-flex e-con e-child\" data-id=\"9945606\" data-element_type=\"container\">\n\t\t\t\t<div class=\"elementor-element elementor-element-15bb6db elementor-widget elementor-widget-hfe-infocard\" data-id=\"15bb6db\" data-element_type=\"widget\" data-widget_type=\"hfe-infocard.default\">\n\t\t\t\t<div class=\"elementor-widget-container\">\n\t\t\t\t\t\n\t\t<div class=\"hfe-infocard\">\n\t\t\t\t\t\t\t\t\t<div class=\"hfe-infocard-title-wrap\">\n\t\t\t\t<h2 class=\"hfe-infocard-title elementor-inline-editing\" data-elementor-setting-key=\"infocard_title\" data-elementor-inline-editing-toolbar=\"basic\" >Gi\u1edbi thi\u1ec7u C\u00f4ng ty Kagura Nutrition<\/h2>\t\t\t<\/div>\n\t\t\t\t\t\t<div class=\"hfe-infocard-text-wrap\">\n\t\t\t\t<div class=\"hfe-infocard-text elementor-inline-editing\" data-elementor-setting-key=\"infocard_description\" data-elementor-inline-editing-toolbar=\"advanced\">\n\t\t\t\t\tC\u00f4ng ty C\u1ed5 ph\u1ea7n Kagura Nutrition chuy\u00ean s\u1ea3n xu\u1ea5t v\u00e0 ph\u00e2n ph\u1ed1i c\u00e1c d\u00f2ng n\u01b0\u1edbc gi\u1ea3i kh\u00e1t thi\u00ean nhi\u00ean, t\u1ed1t cho s\u1ee9c kh\u1ecfe, mang h\u01b0\u01a1ng v\u1ecb thu\u1ea7n khi\u1ebft v\u00e0 hi\u1ec7n \u0111\u1ea1i. V\u1edbi s\u1ee9 m\u1ec7nh \u201cGi\u1eef nguy\u00ean gi\u00e1 tr\u1ecb, tr\u1ecdn v\u1ecb t\u1ef1 nhi\u00ean\u201d, ch\u00fang t\u00f4i cam k\u1ebft l\u1ef1a ch\u1ecdn nguy\u00ean li\u1ec7u s\u1ea1ch, quy tr\u00ecnh kh\u00e9p k\u00edn, \u0111\u1ea3m b\u1ea3o ch\u1ea5t l\u01b0\u1ee3ng v\u00e0 an to\u00e0n cho ng\u01b0\u1eddi ti\u00eau d\u00f9ng. Kagura kh\u00f4ng ng\u1eebng \u0111\u1ed5i m\u1edbi \u0111\u1ec3 mang \u0111\u1ebfn nh\u1eefng s\u1ea3n ph\u1ea9m s\u00e1ng t\u1ea1o, ph\u00f9 h\u1ee3p v\u1edbi xu h\u01b0\u1edbng ti\u00eau d\u00f9ng xanh \u2013 s\u1ea1ch \u2013 ti\u1ec7n l\u1ee3i c\u1ee7a ng\u01b0\u1eddi Vi\u1ec7t Nam v\u00e0 khu v\u1ef1c.\t\t\t\t<\/div>\n\t\t\t\t\t\t\t<\/div>\n\t\t<\/div>\n\n\t\t\t\t\t\t<\/div>\n\t\t\t\t<\/div>\n\t\t\t\t<\/div>\n\t\t<div class=\"elementor-element elementor-element-f499284 e-con-full e-flex e-con e-child\" data-id=\"f499284\" data-element_type=\"container\">\n\t\t\t\t<div class=\"elementor-element elementor-element-12d7e03 elementor-widget elementor-widget-image\" data-id=\"12d7e03\" data-element_type=\"widget\" data-widget_type=\"image.default\">\n\t\t\t\t<div class=\"elementor-widget-container\">\n\t\t\t\t\t\t\t\t\t\t\t\t\t\t\t<img fetchpriority=\"high\" decoding=\"async\" width=\"634\" height=\"543\" src=\"https:\/\/kaguranutri.com\/wp-content\/uploads\/2025\/08\/NM-KGR2-1.png\" class=\"attachment-large size-large wp-image-8400\" alt=\"nm kgr2\" \/>\t\t\t\t\t\t\t\t\t\t\t\t\t\t\t<\/div>\n\t\t\t\t<\/div>\n\t\t\t\t<\/div>\n\t\t\t\t\t<\/div>\n\t\t\t\t<\/div>\n\t\t<div class=\"elementor-element elementor-element-ca03802 e-flex e-con-boxed e-con e-parent\" data-id=\"ca03802\" data-element_type=\"container\" data-settings=\"{&quot;background_background&quot;:&quot;classic&quot;}\">\n\t\t\t\t\t<div class=\"e-con-inner\">\n\t\t<div class=\"elementor-element elementor-element-0d4186e e-con-full e-flex e-con e-child\" data-id=\"0d4186e\" data-element_type=\"container\">\n\t\t\t\t<div class=\"elementor-element elementor-element-487df91 elementor-widget elementor-widget-heading\" data-id=\"487df91\" data-element_type=\"widget\" data-widget_type=\"heading.default\">\n\t\t\t\t<div class=\"elementor-widget-container\">\n\t\t\t\t\t<h4 class=\"elementor-heading-title elementor-size-default\">Numbers Speak For Themselves!<\/h4>\t\t\t\t<\/div>\n\t\t\t\t<\/div>\n\t\t\t\t<\/div>\n\t\t<div class=\"elementor-element elementor-element-ee6f4f5 e-con-full e-flex e-con e-child\" data-id=\"ee6f4f5\" data-element_type=\"container\">\n\t\t\t\t<div class=\"elementor-element elementor-element-877f9c4 elementor-widget elementor-widget-counter\" data-id=\"877f9c4\" data-element_type=\"widget\" data-widget_type=\"counter.default\">\n\t\t\t\t<div class=\"elementor-widget-container\">\n\t\t\t\t\t\t\t<div class=\"elementor-counter\">\n\t\t\t<div class=\"elementor-counter-title\">Curated Products<\/div>\t\t\t<div class=\"elementor-counter-number-wrapper\">\n\t\t\t\t<span class=\"elementor-counter-number-prefix\"><\/span>\n\t\t\t\t<span class=\"elementor-counter-number\" data-duration=\"2000\" data-to-value=\"5000\" data-from-value=\"4800\" data-delimiter=\",\">4800<\/span>\n\t\t\t\t<span class=\"elementor-counter-number-suffix\">+<\/span>\n\t\t\t<\/div>\n\t\t<\/div>\n\t\t\t\t\t\t<\/div>\n\t\t\t\t<\/div>\n\t\t\t\t<\/div>\n\t\t<div class=\"elementor-element elementor-element-401c905 e-con-full e-flex e-con e-child\" data-id=\"401c905\" data-element_type=\"container\">\n\t\t\t\t<div class=\"elementor-element elementor-element-5f36df3 elementor-widget elementor-widget-counter\" data-id=\"5f36df3\" data-element_type=\"widget\" data-widget_type=\"counter.default\">\n\t\t\t\t<div class=\"elementor-widget-container\">\n\t\t\t\t\t\t\t<div class=\"elementor-counter\">\n\t\t\t<div class=\"elementor-counter-title\">Curated Products<\/div>\t\t\t<div class=\"elementor-counter-number-wrapper\">\n\t\t\t\t<span class=\"elementor-counter-number-prefix\"><\/span>\n\t\t\t\t<span class=\"elementor-counter-number\" data-duration=\"2000\" data-to-value=\"800\" data-from-value=\"\" data-delimiter=\",\"><\/span>\n\t\t\t\t<span class=\"elementor-counter-number-suffix\">+<\/span>\n\t\t\t<\/div>\n\t\t<\/div>\n\t\t\t\t\t\t<\/div>\n\t\t\t\t<\/div>\n\t\t\t\t<\/div>\n\t\t<div class=\"elementor-element elementor-element-20ce247 e-con-full e-flex e-con e-child\" data-id=\"20ce247\" data-element_type=\"container\">\n\t\t\t\t<div class=\"elementor-element elementor-element-0cf57ae elementor-widget elementor-widget-counter\" data-id=\"0cf57ae\" data-element_type=\"widget\" data-widget_type=\"counter.default\">\n\t\t\t\t<div class=\"elementor-widget-container\">\n\t\t\t\t\t\t\t<div class=\"elementor-counter\">\n\t\t\t<div class=\"elementor-counter-title\">Product Categories<\/div>\t\t\t<div class=\"elementor-counter-number-wrapper\">\n\t\t\t\t<span class=\"elementor-counter-number-prefix\"><\/span>\n\t\t\t\t<span class=\"elementor-counter-number\" data-duration=\"2000\" data-to-value=\"40\" data-from-value=\"\" data-delimiter=\",\"><\/span>\n\t\t\t\t<span class=\"elementor-counter-number-suffix\">+<\/span>\n\t\t\t<\/div>\n\t\t<\/div>\n\t\t\t\t\t\t<\/div>\n\t\t\t\t<\/div>\n\t\t\t\t<\/div>\n\t\t\t\t\t<\/div>\n\t\t\t\t<\/div>\n\t\t<div class=\"elementor-element elementor-element-908f10a e-flex e-con-boxed e-con e-parent\" data-id=\"908f10a\" data-element_type=\"container\" data-settings=\"{&quot;background_background&quot;:&quot;gradient&quot;}\">\n\t\t\t\t\t<div class=\"e-con-inner\">\n\t\t<div class=\"elementor-element elementor-element-ad51ed6 e-con-full e-flex e-con e-child\" data-id=\"ad51ed6\" data-element_type=\"container\" data-settings=\"{&quot;background_background&quot;:&quot;classic&quot;}\">\n\t\t\t\t<div class=\"elementor-element elementor-element-e64521b elementor-widget elementor-widget-image-carousel\" data-id=\"e64521b\" data-element_type=\"widget\" data-settings=\"{&quot;slides_to_show&quot;:&quot;1&quot;,&quot;navigation&quot;:&quot;none&quot;,&quot;autoplay_speed&quot;:&quot;3000&quot;,&quot;autoplay&quot;:&quot;yes&quot;,&quot;pause_on_hover&quot;:&quot;yes&quot;,&quot;pause_on_interaction&quot;:&quot;yes&quot;,&quot;infinite&quot;:&quot;yes&quot;,&quot;effect&quot;:&quot;slide&quot;,&quot;speed&quot;:500}\" data-widget_type=\"image-carousel.default\">\n\t\t\t\t<div class=\"elementor-widget-container\">\n\t\t\t\t\t\t\t<div class=\"elementor-image-carousel-wrapper swiper\" role=\"region\" aria-roledescription=\"carousel\" aria-label=\"Image Carousel\" dir=\"ltr\">\n\t\t\t<div class=\"elementor-image-carousel swiper-wrapper\" aria-live=\"off\">\n\t\t\t\t\t\t\t\t<div class=\"swiper-slide\" role=\"group\" aria-roledescription=\"slide\" aria-label=\"1 tr\u00ean 4\"><figure class=\"swiper-slide-inner\"><img decoding=\"async\" class=\"swiper-slide-image\" src=\"https:\/\/kaguranutri.com\/wp-content\/uploads\/2025\/08\/Nuoc-ep-dua-oi.png\" alt=\"n\u01b0\u1edbc \u00e9p d\u1ee9a \u1ed5i\" \/><\/figure><\/div><div class=\"swiper-slide\" role=\"group\" aria-roledescription=\"slide\" aria-label=\"2 tr\u00ean 4\"><figure class=\"swiper-slide-inner\"><img decoding=\"async\" class=\"swiper-slide-image\" src=\"https:\/\/kaguranutri.com\/wp-content\/uploads\/2025\/08\/Anh-dao-3.png\" alt=\"anh \u0111\u00e0o 3\" \/><\/figure><\/div><div class=\"swiper-slide\" role=\"group\" aria-roledescription=\"slide\" aria-label=\"3 tr\u00ean 4\"><figure class=\"swiper-slide-inner\"><img decoding=\"async\" class=\"swiper-slide-image\" src=\"https:\/\/kaguranutri.com\/wp-content\/uploads\/2025\/08\/Dua-oi.png\" alt=\"d\u1ee9a \u1ed5i\" \/><\/figure><\/div><div class=\"swiper-slide\" role=\"group\" aria-roledescription=\"slide\" aria-label=\"4 tr\u00ean 4\"><figure class=\"swiper-slide-inner\"><img decoding=\"async\" class=\"swiper-slide-image\" src=\"https:\/\/kaguranutri.com\/wp-content\/uploads\/2025\/08\/Dua-xiem-1111.png\" alt=\"d\u1eeba xi\u00eam 1111\" \/><\/figure><\/div>\t\t\t<\/div>\n\t\t\t\t\t\t\t\n\t\t\t\t\t\t\t\t\t<\/div>\n\t\t\t\t\t\t<\/div>\n\t\t\t\t<\/div>\n\t\t\t\t<div class=\"elementor-element elementor-element-c615431 elementor-star-rating--align-center elementor--star-style-star_fontawesome elementor-widget elementor-widget-star-rating\" data-id=\"c615431\" data-element_type=\"widget\" data-widget_type=\"star-rating.default\">\n\t\t\t\t<div class=\"elementor-widget-container\">\n\t\t\t\t\t\n\t\t<div class=\"elementor-star-rating__wrapper\">\n\t\t\t\t\t\t<div class=\"elementor-star-rating\" title=\"5\/5\" itemtype=\"http:\/\/schema.org\/Rating\" itemscope=\"\" itemprop=\"reviewRating\"><i class=\"elementor-star-full\">&#xE934;<\/i><i class=\"elementor-star-full\">&#xE934;<\/i><i class=\"elementor-star-full\">&#xE934;<\/i><i class=\"elementor-star-full\">&#xE934;<\/i><i class=\"elementor-star-full\">&#xE934;<\/i> <span itemprop=\"ratingValue\" class=\"elementor-screen-only\">5\/5<\/span><\/div>\t\t<\/div>\n\t\t\t\t\t\t<\/div>\n\t\t\t\t<\/div>\n\t\t\t\t<div class=\"elementor-element elementor-element-b9c89f3 elementor-widget elementor-widget-testimonial\" data-id=\"b9c89f3\" data-element_type=\"widget\" data-widget_type=\"testimonial.default\">\n\t\t\t\t<div class=\"elementor-widget-container\">\n\t\t\t\t\t\t\t<div class=\"elementor-testimonial-wrapper\">\n\t\t\t\t\t\t\t<div class=\"elementor-testimonial-content\">\u201cV\u1ecb m\u00e3ng c\u1ea7u chua chua ng\u1ecdt ng\u1ecdt r\u1ea5t t\u1ef1 nhi\u00ean, th\u1ea1ch d\u1eeba dai dai t\u1ea1o c\u1ea3m gi\u00e1c vui mi\u1ec7ng. B\u00e9 nh\u00e0 m\u00ecnh c\u1ef1c k\u1ef3 m\u00ea m\u00f3n n\u00e0y!\u201d<\/div>\n\t\t\t\n\t\t\t\t\t\t<div class=\"elementor-testimonial-meta elementor-has-image elementor-testimonial-image-position-aside\">\n\t\t\t\t<div class=\"elementor-testimonial-meta-inner\">\n\t\t\t\t\t\t\t\t\t\t\t<div class=\"elementor-testimonial-image\">\n\t\t\t\t\t\t\t<img decoding=\"async\" width=\"370\" height=\"370\" src=\"https:\/\/kaguranutri.com\/wp-content\/uploads\/2025\/08\/Dieu-Linh-0382760510.png\" class=\"attachment-full size-full wp-image-8540\" alt=\"dieu linh&#039; 0382760510\" \/>\t\t\t\t\t\t<\/div>\n\t\t\t\t\t\n\t\t\t\t\t\t\t\t\t\t<div class=\"elementor-testimonial-details\">\n\t\t\t\t\t\t\t\t\t\t\t\t\t\t<div class=\"elementor-testimonial-name\">Di\u1ec7u Linh<\/div>\n\t\t\t\t\t\t\t\t\t\t\t\t\t\t\t\t\t\t\t<\/div>\n\t\t\t\t\t\t\t\t\t<\/div>\n\t\t\t<\/div>\n\t\t\t\t\t<\/div>\n\t\t\t\t\t\t<\/div>\n\t\t\t\t<\/div>\n\t\t\t\t<\/div>\n\t\t<div class=\"elementor-element elementor-element-b18acd9 e-con-full e-flex e-con e-child\" data-id=\"b18acd9\" data-element_type=\"container\">\n\t\t\t\t<div class=\"elementor-element elementor-element-237c245 elementor-position-left elementor-vertical-align-top elementor-widget elementor-widget-image-box\" data-id=\"237c245\" data-element_type=\"widget\" data-widget_type=\"image-box.default\">\n\t\t\t\t<div class=\"elementor-widget-container\">\n\t\t\t\t\t<div class=\"elementor-image-box-wrapper\"><figure class=\"elementor-image-box-img\"><img loading=\"lazy\" decoding=\"async\" width=\"181\" height=\"61\" src=\"https:\/\/kaguranutri.com\/wp-content\/uploads\/2025\/08\/Logo-2.png\" class=\"attachment-full size-full wp-image-8398\" alt=\"logo 2\" \/><\/figure><div class=\"elementor-image-box-content\"><h3 class=\"elementor-image-box-title\">Kagura Nutrition<\/h3><p class=\"elementor-image-box-description\">Nh\u00e0 m\u00e1y s\u1ea3n xu\u1ea5t n\u01b0\u1edbc gi\u1ea3i kh\u00e1t tr\u00ean d\u00e2y chuy\u1ec1n hi\u1ec7n \u0111\u1ea1i c\u00f4ng ngh\u1ec7 Nh\u1eadt B\u1ea3n<\/p><\/div><\/div>\t\t\t\t<\/div>\n\t\t\t\t<\/div>\n\t\t\t\t<div class=\"elementor-element elementor-element-e058d6e elementor-widget elementor-widget-heading\" data-id=\"e058d6e\" data-element_type=\"widget\" data-widget_type=\"heading.default\">\n\t\t\t\t<div class=\"elementor-widget-container\">\n\t\t\t\t\t<h2 class=\"elementor-heading-title elementor-size-default\">\nCh\u00fang t\u00f4i s\u1ea3n xu\u1ea5t nhi\u1ec1u lo\u1ea1i n\u01b0\u1edbc gi\u1ea3i kh\u00e1t, n\u01b0\u1edbc \u00e9p t\u1eeb tr\u00e1i c\u00e2y, v\u00e0 nhi\u1ec1u lo\u1ea1i n\u01b0\u1edbc tr\u00e0 kh\u00e1c nhau!<\/h2>\t\t\t\t<\/div>\n\t\t\t\t<\/div>\n\t\t\t\t<div class=\"elementor-element elementor-element-5a6d4b3 elementor-widget elementor-widget-image\" data-id=\"5a6d4b3\" data-element_type=\"widget\" data-widget_type=\"image.default\">\n\t\t\t\t<div class=\"elementor-widget-container\">\n\t\t\t\t\t\t\t\t\t\t\t\t\t\t\t<img loading=\"lazy\" decoding=\"async\" width=\"75\" height=\"33\" src=\"https:\/\/kaguranutri.com\/wp-content\/uploads\/2019\/07\/logo-leaf-new.png\" class=\"attachment-large size-large wp-image-2518\" alt=\"logo leaf new\" \/>\t\t\t\t\t\t\t\t\t\t\t\t\t\t\t<\/div>\n\t\t\t\t<\/div>\n\t\t<div class=\"elementor-element elementor-element-29bc312 e-con-full e-flex e-con e-child\" data-id=\"29bc312\" data-element_type=\"container\">\n\t\t<div class=\"elementor-element elementor-element-987651d e-con-full e-flex e-con e-child\" data-id=\"987651d\" data-element_type=\"container\">\n\t\t\t\t<div class=\"elementor-element elementor-element-30ca1d0 elementor-align-left elementor-icon-list--layout-traditional elementor-list-item-link-full_width elementor-widget elementor-widget-icon-list\" data-id=\"30ca1d0\" data-element_type=\"widget\" data-widget_type=\"icon-list.default\">\n\t\t\t\t<div class=\"elementor-widget-container\">\n\t\t\t\t\t\t\t<ul class=\"elementor-icon-list-items\">\n\t\t\t\t\t\t\t<li class=\"elementor-icon-list-item\">\n\t\t\t\t\t\t\t\t\t\t\t<span class=\"elementor-icon-list-icon\">\n\t\t\t\t\t\t\t<i aria-hidden=\"true\" class=\"far fa-check-circle\"><\/i>\t\t\t\t\t\t<\/span>\n\t\t\t\t\t\t\t\t\t\t<span class=\"elementor-icon-list-text\">N\u01b0\u1edbc u\u1ed1ng b\u1ed5 d\u01b0\u1ee1ng<\/span>\n\t\t\t\t\t\t\t\t\t<\/li>\n\t\t\t\t\t\t\t\t<li class=\"elementor-icon-list-item\">\n\t\t\t\t\t\t\t\t\t\t\t<span class=\"elementor-icon-list-icon\">\n\t\t\t\t\t\t\t<i aria-hidden=\"true\" class=\"far fa-check-circle\"><\/i>\t\t\t\t\t\t<\/span>\n\t\t\t\t\t\t\t\t\t\t<span class=\"elementor-icon-list-text\">Tr\u00e0 pha ch\u1ebf hi\u1ec7n \u0111\u1ea1i<\/span>\n\t\t\t\t\t\t\t\t\t<\/li>\n\t\t\t\t\t\t<\/ul>\n\t\t\t\t\t\t<\/div>\n\t\t\t\t<\/div>\n\t\t\t\t<\/div>\n\t\t<div class=\"elementor-element elementor-element-5574807 e-con-full e-flex e-con e-child\" data-id=\"5574807\" data-element_type=\"container\">\n\t\t\t\t<div class=\"elementor-element elementor-element-66bf7b9 elementor-align-left elementor-icon-list--layout-traditional elementor-list-item-link-full_width elementor-widget elementor-widget-icon-list\" data-id=\"66bf7b9\" data-element_type=\"widget\" data-widget_type=\"icon-list.default\">\n\t\t\t\t<div class=\"elementor-widget-container\">\n\t\t\t\t\t\t\t<ul class=\"elementor-icon-list-items\">\n\t\t\t\t\t\t\t<li class=\"elementor-icon-list-item\">\n\t\t\t\t\t\t\t\t\t\t\t<span class=\"elementor-icon-list-icon\">\n\t\t\t\t\t\t\t<i aria-hidden=\"true\" class=\"far fa-check-circle\"><\/i>\t\t\t\t\t\t<\/span>\n\t\t\t\t\t\t\t\t\t\t<span class=\"elementor-icon-list-text\">NGK truy\u1ec1n th\u1ed1ng<\/span>\n\t\t\t\t\t\t\t\t\t<\/li>\n\t\t\t\t\t\t\t\t<li class=\"elementor-icon-list-item\">\n\t\t\t\t\t\t\t\t\t\t\t<span class=\"elementor-icon-list-icon\">\n\t\t\t\t\t\t\t<i aria-hidden=\"true\" class=\"far fa-check-circle\"><\/i>\t\t\t\t\t\t<\/span>\n\t\t\t\t\t\t\t\t\t\t<span class=\"elementor-icon-list-text\">N\u01b0\u1edbc u\u1ed1ng b\u1ed5 d\u01b0\u1ee1ng<\/span>\n\t\t\t\t\t\t\t\t\t<\/li>\n\t\t\t\t\t\t<\/ul>\n\t\t\t\t\t\t<\/div>\n\t\t\t\t<\/div>\n\t\t\t\t<\/div>\n\t\t<div class=\"elementor-element elementor-element-da14469 e-con-full e-flex e-con e-child\" data-id=\"da14469\" data-element_type=\"container\">\n\t\t\t\t<div class=\"elementor-element elementor-element-4f6191b elementor-align-left elementor-mobile-align-center elementor-tablet-align-left elementor-widget elementor-widget-button\" data-id=\"4f6191b\" data-element_type=\"widget\" data-widget_type=\"button.default\">\n\t\t\t\t<div class=\"elementor-widget-container\">\n\t\t\t\t\t\t\t\t\t<div class=\"elementor-button-wrapper\">\n\t\t\t\t\t<a class=\"elementor-button elementor-button-link elementor-size-lg\" href=\"https:\/\/kaguranutri.com\/?product_cat=kagura\">\n\t\t\t\t\t\t<span class=\"elementor-button-content-wrapper\">\n\t\t\t\t\t\t<span class=\"elementor-button-icon\">\n\t\t\t\t<i aria-hidden=\"true\" class=\"fas fa-shopping-cart\"><\/i>\t\t\t<\/span>\n\t\t\t\t\t\t\t\t\t<span class=\"elementor-button-text\">XEM TH\u00caM<\/span>\n\t\t\t\t\t<\/span>\n\t\t\t\t\t<\/a>\n\t\t\t\t<\/div>\n\t\t\t\t\t\t\t\t<\/div>\n\t\t\t\t<\/div>\n\t\t\t\t<\/div>\n\t\t\t\t<\/div>\n\t\t\t\t<\/div>\n\t\t\t\t\t<\/div>\n\t\t\t\t<\/div>\n\t\t\t\t<\/div>\n\t\t","protected":false},"excerpt":{"rendered":"<p>About Us Gi\u1edbi thi\u1ec7u C\u00f4ng ty Kagura Nutrition C\u00f4ng ty C\u1ed5 ph\u1ea7n Kagura Nutrition chuy\u00ean s\u1ea3n xu\u1ea5t v\u00e0 ph\u00e2n ph\u1ed1i c\u00e1c d\u00f2ng n\u01b0\u1edbc gi\u1ea3i kh\u00e1t thi\u00ean nhi\u00ean, t\u1ed1t cho s\u1ee9c kh\u1ecfe, mang h\u01b0\u01a1ng v\u1ecb thu\u1ea7n khi\u1ebft v\u00e0 hi\u1ec7n \u0111\u1ea1i. V\u1edbi s\u1ee9 m\u1ec7nh \u201cGi\u1eef nguy\u00ean gi\u00e1 tr\u1ecb, tr\u1ecdn v\u1ecb t\u1ef1 nhi\u00ean\u201d, ch\u00fang t\u00f4i cam k\u1ebft l\u1ef1a [&hellip;]<\/p>\n","protected":false},"author":1,"featured_media":0,"parent":0,"menu_order":0,"comment_status":"closed","ping_status":"closed","template":"","meta":{"_uag_custom_page_level_css":"","site-sidebar-layout":"no-sidebar","site-content-layout":"page-builder","ast-site-content-layout":"default","site-content-style":"default","site-sidebar-style":"default","ast-global-header-display":"","ast-banner-title-visibility":"","ast-main-header-display":"","ast-hfb-above-header-display":"","ast-hfb-below-header-display":"","ast-hfb-mobile-header-display":"","site-post-title":"disabled","ast-breadcrumbs-content":"","ast-featured-img":"disabled","footer-sml-layout":"","theme-transparent-header-meta":"enabled","adv-header-id-meta":"","stick-header-meta":"","header-above-stick-meta":"","header-main-stick-meta":"","header-below-stick-meta":"","astra-migrate-meta-layouts":"default","ast-page-background-enabled":"default","ast-page-background-meta":{"desktop":{"background-color":"","background-image":"","background-repeat":"repeat","background-position":"center center","background-size":"auto","background-attachment":"scroll","background-type":"","background-media":"","overlay-type":"","overlay-color":"","overlay-opacity":"","overlay-gradient":""},"tablet":{"background-color":"","background-image":"","background-repeat":"repeat","background-position":"center center","background-size":"auto","background-attachment":"scroll","background-type":"","background-media":"","overlay-type":"","overlay-color":"","overlay-opacity":"","overlay-gradient":""},"mobile":{"background-color":"","background-image":"","background-repeat":"repeat","background-position":"center center","background-size":"auto","background-attachment":"scroll","background-type":"","background-media":"","overlay-type":"","overlay-color":"","overlay-opacity":"","overlay-gradient":""}},"ast-content-background-meta":{"desktop":{"background-color":"var(--ast-global-color-5)","background-image":"","background-repeat":"repeat","background-position":"center center","background-size":"auto","background-attachment":"scroll","background-type":"","background-media":"","overlay-type":"","overlay-color":"","overlay-opacity":"","overlay-gradient":""},"tablet":{"background-color":"var(--ast-global-color-5)","background-image":"","background-repeat":"repeat","background-position":"center center","background-size":"auto","background-attachment":"scroll","background-type":"","background-media":"","overlay-type":"","overlay-color":"","overlay-opacity":"","overlay-gradient":""},"mobile":{"background-color":"var(--ast-global-color-5)","background-image":"","background-repeat":"repeat","background-position":"center center","background-size":"auto","background-attachment":"scroll","background-type":"","background-media":"","overlay-type":"","overlay-color":"","overlay-opacity":"","overlay-gradient":""}},"footnotes":""},"class_list":["post-8388","page","type-page","status-publish","hentry"],"aioseo_notices":[],"uagb_featured_image_src":{"full":false,"thumbnail":false,"medium":false,"medium_large":false,"large":false,"1536x1536":false,"2048x2048":false,"woocommerce_thumbnail":false,"woocommerce_single":false,"woocommerce_gallery_thumbnail":false,"variation_swatches_image_size":false,"variation_swatches_tooltip_size":false},"uagb_author_info":{"display_name":"admin","author_link":"https:\/\/kaguranutri.com\/?author=1"},"uagb_comment_info":0,"uagb_excerpt":"About Us Gi\u1edbi thi\u1ec7u C\u00f4ng ty Kagura Nutrition C\u00f4ng ty C\u1ed5 ph\u1ea7n Kagura Nutrition chuy\u00ean s\u1ea3n xu\u1ea5t v\u00e0 ph\u00e2n ph\u1ed1i c\u00e1c d\u00f2ng n\u01b0\u1edbc gi\u1ea3i kh\u00e1t thi\u00ean nhi\u00ean, t\u1ed1t cho s\u1ee9c kh\u1ecfe, mang h\u01b0\u01a1ng v\u1ecb thu\u1ea7n khi\u1ebft v\u00e0 hi\u1ec7n \u0111\u1ea1i. V\u1edbi s\u1ee9 m\u1ec7nh \u201cGi\u1eef nguy\u00ean gi\u00e1 tr\u1ecb, tr\u1ecdn v\u1ecb t\u1ef1 nhi\u00ean\u201d, ch\u00fang t\u00f4i cam k\u1ebft l\u1ef1a&hellip;","jetpack_sharing_enabled":true,"_links":{"self":[{"href":"https:\/\/kaguranutri.com\/index.php?rest_route=\/wp\/v2\/pages\/8388","targetHints":{"allow":["GET"]}}],"collection":[{"href":"https:\/\/kaguranutri.com\/index.php?rest_route=\/wp\/v2\/pages"}],"about":[{"href":"https:\/\/kaguranutri.com\/index.php?rest_route=\/wp\/v2\/types\/page"}],"author":[{"embeddable":true,"href":"https:\/\/kaguranutri.com\/index.php?rest_route=\/wp\/v2\/users\/1"}],"replies":[{"embeddable":true,"href":"https:\/\/kaguranutri.com\/index.php?rest_route=%2Fwp%2Fv2%2Fcomments&post=8388"}],"version-history":[{"count":9,"href":"https:\/\/kaguranutri.com\/index.php?rest_route=\/wp\/v2\/pages\/8388\/revisions"}],"predecessor-version":[{"id":8556,"href":"https:\/\/kaguranutri.com\/index.php?rest_route=\/wp\/v2\/pages\/8388\/revisions\/8556"}],"wp:attachment":[{"href":"https:\/\/kaguranutri.com\/index.php?rest_route=%2Fwp%2Fv2%2Fmedia&parent=8388"}],"curies":[{"name":"wp","href":"https:\/\/api.w.org\/{rel}","templated":true}]}}