{"id":160,"date":"2025-08-02T10:12:04","date_gmt":"2025-08-02T03:12:04","guid":{"rendered":"https:\/\/kaguranutri.com\/san-pham\/organic-face-scrub\/"},"modified":"2025-08-03T21:13:43","modified_gmt":"2025-08-03T14:13:43","slug":"kagura-tra-anh-dao","status":"publish","type":"product","link":"https:\/\/kaguranutri.com\/?product=kagura-tra-anh-dao","title":{"rendered":"Kagura Tr\u00e0 Anh \u0110\u00e0o"},"content":{"rendered":"<p><strong>**Tr\u00e0 Anh \u0110\u00e0o \u2013 V\u1ecb chua thanh tao, quy\u1ebfn r\u0169 \u0111\u1ea7y m\u00ea ho\u1eb7c**<\/strong><\/p>\n<p>Kh\u01a1i d\u1eady c\u1ea3m x\u00fac v\u1edbi v\u1ecb chua tinh t\u1ebf t\u1eeb qu\u1ea3 anh \u0111\u00e0o ch\u00edn m\u1ecdng, h\u00f2a quy\u1ec7n c\u00f9ng tr\u00e0 thanh thu\u1ea7n khi\u1ebft. M\u1ed7i ng\u1ee5m l\u00e0 m\u1ed9t tr\u1ea3i nghi\u1ec7m \u0111\u1eb3ng c\u1ea5p \u2013 \u0111\u1ed9c \u0111\u00e1o, sang tr\u1ecdng v\u00e0 \u0111\u1ea7y cu\u1ed1n h\u00fat. Tr\u00e0 kh\u00f4ng ch\u1ec9 l\u00e0 th\u1ee9c u\u1ed1ng, m\u00e0 l\u00e0 ngh\u1ec7 thu\u1eadt th\u01b0\u1edfng v\u1ecb.<\/p>\n","protected":false},"excerpt":{"rendered":"<p><strong>**Tr\u00e0 Anh \u0110\u00e0o \u2013 V\u1ecb chua thanh tao, quy\u1ebfn r\u0169 \u0111\u1ea7y m\u00ea ho\u1eb7c**<\/strong><\/p>\n<p>Kh\u01a1i d\u1eady c\u1ea3m x\u00fac v\u1edbi v\u1ecb chua tinh t\u1ebf t\u1eeb qu\u1ea3 anh \u0111\u00e0o ch\u00edn m\u1ecdng, h\u00f2a quy\u1ec7n c\u00f9ng tr\u00e0 thanh thu\u1ea7n khi\u1ebft. M\u1ed7i ng\u1ee5m l\u00e0 m\u1ed9t tr\u1ea3i nghi\u1ec7m \u0111\u1eb3ng c\u1ea5p \u2013 \u0111\u1ed9c \u0111\u00e1o, sang tr\u1ecdng v\u00e0 \u0111\u1ea7y cu\u1ed1n h\u00fat. Tr\u00e0 kh\u00f4ng ch\u1ec9 l\u00e0 th\u1ee9c u\u1ed1ng, m\u00e0 l\u00e0 ngh\u1ec7 thu\u1eadt th\u01b0\u1edfng v\u1ecb.<\/p>\n","protected":false},"featured_media":8441,"comment_status":"open","ping_status":"closed","template":"","meta":{"_uag_custom_page_level_css":"","site-sidebar-layout":"default","site-content-layout":"default","ast-site-content-layout":"default","site-content-style":"default","site-sidebar-style":"default","ast-global-header-display":"","ast-banner-title-visibility":"","ast-main-header-display":"","ast-hfb-above-header-display":"","ast-hfb-below-header-display":"","ast-hfb-mobile-header-display":"","site-post-title":"","ast-breadcrumbs-content":"","ast-featured-img":"","footer-sml-layout":"","theme-transparent-header-meta":"default","adv-header-id-meta":"","stick-header-meta":"","header-above-stick-meta":"","header-main-stick-meta":"","header-below-stick-meta":"","astra-migrate-meta-layouts":"set","ast-page-background-enabled":"default","ast-page-background-meta":{"desktop":{"background-color":"","background-image":"","background-repeat":"repeat","background-position":"center center","background-size":"auto","background-attachment":"scroll","background-type":"","background-media":"","overlay-type":"","overlay-color":"","overlay-opacity":"","overlay-gradient":""},"tablet":{"background-color":"","background-image":"","background-repeat":"repeat","background-position":"center center","background-size":"auto","background-attachment":"scroll","background-type":"","background-media":"","overlay-type":"","overlay-color":"","overlay-opacity":"","overlay-gradient":""},"mobile":{"background-color":"","background-image":"","background-repeat":"repeat","background-position":"center center","background-size":"auto","background-attachment":"scroll","background-type":"","background-media":"","overlay-type":"","overlay-color":"","overlay-opacity":"","overlay-gradient":""}},"ast-content-background-meta":{"desktop":{"background-color":"var(--ast-global-color-5)","background-image":"","background-repeat":"repeat","background-position":"center center","background-size":"auto","background-attachment":"scroll","background-type":"","background-media":"","overlay-type":"","overlay-color":"","overlay-opacity":"","overlay-gradient":""},"tablet":{"background-color":"var(--ast-global-color-5)","background-image":"","background-repeat":"repeat","background-position":"center center","background-size":"auto","background-attachment":"scroll","background-type":"","background-media":"","overlay-type":"","overlay-color":"","overlay-opacity":"","overlay-gradient":""},"mobile":{"background-color":"var(--ast-global-color-5)","background-image":"","background-repeat":"repeat","background-position":"center center","background-size":"auto","background-attachment":"scroll","background-type":"","background-media":"","overlay-type":"","overlay-color":"","overlay-opacity":"","overlay-gradient":""}}},"product_brand":[],"product_cat":[39,21],"product_tag":[],"class_list":{"0":"post-160","1":"product","2":"type-product","3":"status-publish","4":"has-post-thumbnail","6":"product_cat-kagura","7":"product_cat-kagura-500ml","8":"desktop-align-center","9":"tablet-align-center","10":"mobile-align-center","12":"first","13":"instock","14":"featured","15":"shipping-taxable","16":"product-type-simple"},"aioseo_notices":[],"uagb_featured_image_src":{"full":["https:\/\/kaguranutri.com\/wp-content\/uploads\/2025\/08\/KGR-Tra-Anh-Dao.png",1000,1001,false],"thumbnail":["https:\/\/kaguranutri.com\/wp-content\/uploads\/2025\/08\/KGR-Tra-Anh-Dao.png",150,150,false],"medium":["https:\/\/kaguranutri.com\/wp-content\/uploads\/2025\/08\/KGR-Tra-Anh-Dao.png",300,300,false],"medium_large":["https:\/\/kaguranutri.com\/wp-content\/uploads\/2025\/08\/KGR-Tra-Anh-Dao.png",768,769,false],"large":["https:\/\/kaguranutri.com\/wp-content\/uploads\/2025\/08\/KGR-Tra-Anh-Dao.png",1000,1001,false],"1536x1536":["https:\/\/kaguranutri.com\/wp-content\/uploads\/2025\/08\/KGR-Tra-Anh-Dao.png",1000,1001,false],"2048x2048":["https:\/\/kaguranutri.com\/wp-content\/uploads\/2025\/08\/KGR-Tra-Anh-Dao.png",1000,1001,false],"woocommerce_thumbnail":["https:\/\/kaguranutri.com\/wp-content\/uploads\/2025\/08\/KGR-Tra-Anh-Dao.png",300,300,false],"woocommerce_single":["https:\/\/kaguranutri.com\/wp-content\/uploads\/2025\/08\/KGR-Tra-Anh-Dao.png",600,601,false],"woocommerce_gallery_thumbnail":["https:\/\/kaguranutri.com\/wp-content\/uploads\/2025\/08\/KGR-Tra-Anh-Dao.png",100,100,false],"variation_swatches_image_size":["https:\/\/kaguranutri.com\/wp-content\/uploads\/2025\/08\/KGR-Tra-Anh-Dao.png",50,50,false],"variation_swatches_tooltip_size":["https:\/\/kaguranutri.com\/wp-content\/uploads\/2025\/08\/KGR-Tra-Anh-Dao.png",100,100,false]},"uagb_author_info":{"display_name":"admin","author_link":"https:\/\/kaguranutri.com\/?author=0"},"uagb_comment_info":0,"uagb_excerpt":"**Tr\u00e0 Anh \u0110\u00e0o \u2013 V\u1ecb chua thanh tao, quy\u1ebfn r\u0169 \u0111\u1ea7y m\u00ea ho\u1eb7c** Kh\u01a1i d\u1eady c\u1ea3m x\u00fac v\u1edbi v\u1ecb chua tinh t\u1ebf t\u1eeb qu\u1ea3 anh \u0111\u00e0o ch\u00edn m\u1ecdng, h\u00f2a quy\u1ec7n c\u00f9ng tr\u00e0 thanh thu\u1ea7n khi\u1ebft. M\u1ed7i ng\u1ee5m l\u00e0 m\u1ed9t tr\u1ea3i nghi\u1ec7m \u0111\u1eb3ng c\u1ea5p \u2013 \u0111\u1ed9c \u0111\u00e1o, sang tr\u1ecdng v\u00e0 \u0111\u1ea7y cu\u1ed1n h\u00fat. Tr\u00e0 kh\u00f4ng ch\u1ec9&hellip;","jetpack_sharing_enabled":true,"_links":{"self":[{"href":"https:\/\/kaguranutri.com\/index.php?rest_route=\/wp\/v2\/product\/160","targetHints":{"allow":["GET"]}}],"collection":[{"href":"https:\/\/kaguranutri.com\/index.php?rest_route=\/wp\/v2\/product"}],"about":[{"href":"https:\/\/kaguranutri.com\/index.php?rest_route=\/wp\/v2\/types\/product"}],"replies":[{"embeddable":true,"href":"https:\/\/kaguranutri.com\/index.php?rest_route=%2Fwp%2Fv2%2Fcomments&post=160"}],"version-history":[{"count":2,"href":"https:\/\/kaguranutri.com\/index.php?rest_route=\/wp\/v2\/product\/160\/revisions"}],"predecessor-version":[{"id":8524,"href":"https:\/\/kaguranutri.com\/index.php?rest_route=\/wp\/v2\/product\/160\/revisions\/8524"}],"wp:featuredmedia":[{"embeddable":true,"href":"https:\/\/kaguranutri.com\/index.php?rest_route=\/wp\/v2\/media\/8441"}],"wp:attachment":[{"href":"https:\/\/kaguranutri.com\/index.php?rest_route=%2Fwp%2Fv2%2Fmedia&parent=160"}],"wp:term":[{"taxonomy":"product_brand","embeddable":true,"href":"https:\/\/kaguranutri.com\/index.php?rest_route=%2Fwp%2Fv2%2Fproduct_brand&post=160"},{"taxonomy":"product_cat","embeddable":true,"href":"https:\/\/kaguranutri.com\/index.php?rest_route=%2Fwp%2Fv2%2Fproduct_cat&post=160"},{"taxonomy":"product_tag","embeddable":true,"href":"https:\/\/kaguranutri.com\/index.php?rest_route=%2Fwp%2Fv2%2Fproduct_tag&post=160"}],"curies":[{"name":"wp","href":"https:\/\/api.w.org\/{rel}","templated":true}]}}