{"id":243,"date":"2025-08-02T10:12:07","date_gmt":"2025-08-02T03:12:07","guid":{"rendered":"https:\/\/kaguranutri.com\/san-pham\/pulses-from-organic-farm\/"},"modified":"2025-08-03T21:12:57","modified_gmt":"2025-08-03T14:12:57","slug":"yen-nhadam","status":"publish","type":"product","link":"https:\/\/kaguranutri.com\/?product=yen-nhadam","title":{"rendered":"N\u01b0\u1edbc Y\u1ebfn &#8211; Nha \u0110am"},"content":{"rendered":"<p>** Gi\u00e0u d\u01b0\u1ee1ng ch\u1ea5t, thanh m\u00e1t m\u1ed7i ng\u00e0y:**<\/p>\n<p>Kh\u01a1i d\u1eady ngu\u1ed3n n\u0103ng l\u01b0\u1ee3ng t\u1ef1 nhi\u00ean v\u1edbi N\u01b0\u1edbc Y\u1ebfn \u2013 Nha \u0110am. B\u1ed5 sung collagen t\u1ef1 nhi\u00ean t\u1eeb y\u1ebfn, k\u1ebft h\u1ee3p c\u00f9ng nha \u0111am thanh m\u00e1t, h\u1ed7 tr\u1ee3 l\u00e0m \u0111\u1eb9p da, t\u0103ng s\u1ee9c \u0111\u1ec1 kh\u00e1ng v\u00e0 thanh l\u1ecdc c\u01a1 th\u1ec3. Th\u1ee9c u\u1ed1ng l\u00fd t\u01b0\u1edfng cho l\u1ed1i s\u1ed1ng kh\u1ecfe, s\u1ea1ch, v\u00e0 an to\u00e0n.<\/p>\n","protected":false},"excerpt":{"rendered":"<p>** Gi\u00e0u d\u01b0\u1ee1ng ch\u1ea5t, thanh m\u00e1t m\u1ed7i ng\u00e0y:**<\/p>\n<p>Kh\u01a1i d\u1eady ngu\u1ed3n n\u0103ng l\u01b0\u1ee3ng t\u1ef1 nhi\u00ean v\u1edbi N\u01b0\u1edbc Y\u1ebfn \u2013 Nha \u0110am. B\u1ed5 sung collagen t\u1ef1 nhi\u00ean t\u1eeb y\u1ebfn, k\u1ebft h\u1ee3p c\u00f9ng nha \u0111am thanh m\u00e1t, h\u1ed7 tr\u1ee3 l\u00e0m \u0111\u1eb9p da, t\u0103ng s\u1ee9c \u0111\u1ec1 kh\u00e1ng v\u00e0 thanh l\u1ecdc c\u01a1 th\u1ec3. Th\u1ee9c u\u1ed1ng l\u00fd t\u01b0\u1edfng cho l\u1ed1i s\u1ed1ng kh\u1ecfe, s\u1ea1ch, v\u00e0 an to\u00e0n.<\/p>\n","protected":false},"featured_media":8425,"comment_status":"open","ping_status":"closed","template":"","meta":{"_uag_custom_page_level_css":"","site-sidebar-layout":"default","site-content-layout":"default","ast-site-content-layout":"default","site-content-style":"default","site-sidebar-style":"default","ast-global-header-display":"","ast-banner-title-visibility":"","ast-main-header-display":"","ast-hfb-above-header-display":"","ast-hfb-below-header-display":"","ast-hfb-mobile-header-display":"","site-post-title":"","ast-breadcrumbs-content":"","ast-featured-img":"","footer-sml-layout":"","theme-transparent-header-meta":"default","adv-header-id-meta":"","stick-header-meta":"","header-above-stick-meta":"","header-main-stick-meta":"","header-below-stick-meta":"","astra-migrate-meta-layouts":"set","ast-page-background-enabled":"default","ast-page-background-meta":{"desktop":{"background-color":"","background-image":"","background-repeat":"repeat","background-position":"center center","background-size":"auto","background-attachment":"scroll","background-type":"","background-media":"","overlay-type":"","overlay-color":"","overlay-opacity":"","overlay-gradient":""},"tablet":{"background-color":"","background-image":"","background-repeat":"repeat","background-position":"center center","background-size":"auto","background-attachment":"scroll","background-type":"","background-media":"","overlay-type":"","overlay-color":"","overlay-opacity":"","overlay-gradient":""},"mobile":{"background-color":"","background-image":"","background-repeat":"repeat","background-position":"center center","background-size":"auto","background-attachment":"scroll","background-type":"","background-media":"","overlay-type":"","overlay-color":"","overlay-opacity":"","overlay-gradient":""}},"ast-content-background-meta":{"desktop":{"background-color":"var(--ast-global-color-5)","background-image":"","background-repeat":"repeat","background-position":"center center","background-size":"auto","background-attachment":"scroll","background-type":"","background-media":"","overlay-type":"","overlay-color":"","overlay-opacity":"","overlay-gradient":""},"tablet":{"background-color":"var(--ast-global-color-5)","background-image":"","background-repeat":"repeat","background-position":"center center","background-size":"auto","background-attachment":"scroll","background-type":"","background-media":"","overlay-type":"","overlay-color":"","overlay-opacity":"","overlay-gradient":""},"mobile":{"background-color":"var(--ast-global-color-5)","background-image":"","background-repeat":"repeat","background-position":"center center","background-size":"auto","background-attachment":"scroll","background-type":"","background-media":"","overlay-type":"","overlay-color":"","overlay-opacity":"","overlay-gradient":""}}},"product_brand":[],"product_cat":[39,21],"product_tag":[],"class_list":{"0":"post-243","1":"product","2":"type-product","3":"status-publish","4":"has-post-thumbnail","6":"product_cat-kagura","7":"product_cat-kagura-500ml","8":"desktop-align-center","9":"tablet-align-center","10":"mobile-align-center","12":"first","13":"instock","14":"featured","15":"shipping-taxable","16":"product-type-simple"},"aioseo_notices":[],"uagb_featured_image_src":{"full":["https:\/\/kaguranutri.com\/wp-content\/uploads\/2025\/08\/KGR-Yen-Nhadam.png",1000,1000,false],"thumbnail":["https:\/\/kaguranutri.com\/wp-content\/uploads\/2025\/08\/KGR-Yen-Nhadam.png",150,150,false],"medium":["https:\/\/kaguranutri.com\/wp-content\/uploads\/2025\/08\/KGR-Yen-Nhadam.png",300,300,false],"medium_large":["https:\/\/kaguranutri.com\/wp-content\/uploads\/2025\/08\/KGR-Yen-Nhadam.png",768,768,false],"large":["https:\/\/kaguranutri.com\/wp-content\/uploads\/2025\/08\/KGR-Yen-Nhadam.png",1000,1000,false],"1536x1536":["https:\/\/kaguranutri.com\/wp-content\/uploads\/2025\/08\/KGR-Yen-Nhadam.png",1000,1000,false],"2048x2048":["https:\/\/kaguranutri.com\/wp-content\/uploads\/2025\/08\/KGR-Yen-Nhadam.png",1000,1000,false],"woocommerce_thumbnail":["https:\/\/kaguranutri.com\/wp-content\/uploads\/2025\/08\/KGR-Yen-Nhadam.png",300,300,false],"woocommerce_single":["https:\/\/kaguranutri.com\/wp-content\/uploads\/2025\/08\/KGR-Yen-Nhadam.png",600,600,false],"woocommerce_gallery_thumbnail":["https:\/\/kaguranutri.com\/wp-content\/uploads\/2025\/08\/KGR-Yen-Nhadam.png",100,100,false],"variation_swatches_image_size":["https:\/\/kaguranutri.com\/wp-content\/uploads\/2025\/08\/KGR-Yen-Nhadam.png",50,50,false],"variation_swatches_tooltip_size":["https:\/\/kaguranutri.com\/wp-content\/uploads\/2025\/08\/KGR-Yen-Nhadam.png",100,100,false]},"uagb_author_info":{"display_name":"admin","author_link":"https:\/\/kaguranutri.com\/?author=0"},"uagb_comment_info":0,"uagb_excerpt":"** Gi\u00e0u d\u01b0\u1ee1ng ch\u1ea5t, thanh m\u00e1t m\u1ed7i ng\u00e0y:** Kh\u01a1i d\u1eady ngu\u1ed3n n\u0103ng l\u01b0\u1ee3ng t\u1ef1 nhi\u00ean v\u1edbi N\u01b0\u1edbc Y\u1ebfn \u2013 Nha \u0110am. B\u1ed5 sung collagen t\u1ef1 nhi\u00ean t\u1eeb y\u1ebfn, k\u1ebft h\u1ee3p c\u00f9ng nha \u0111am thanh m\u00e1t, h\u1ed7 tr\u1ee3 l\u00e0m \u0111\u1eb9p da, t\u0103ng s\u1ee9c \u0111\u1ec1 kh\u00e1ng v\u00e0 thanh l\u1ecdc c\u01a1 th\u1ec3. Th\u1ee9c u\u1ed1ng l\u00fd t\u01b0\u1edfng cho l\u1ed1i&hellip;","jetpack_sharing_enabled":true,"_links":{"self":[{"href":"https:\/\/kaguranutri.com\/index.php?rest_route=\/wp\/v2\/product\/243","targetHints":{"allow":["GET"]}}],"collection":[{"href":"https:\/\/kaguranutri.com\/index.php?rest_route=\/wp\/v2\/product"}],"about":[{"href":"https:\/\/kaguranutri.com\/index.php?rest_route=\/wp\/v2\/types\/product"}],"replies":[{"embeddable":true,"href":"https:\/\/kaguranutri.com\/index.php?rest_route=%2Fwp%2Fv2%2Fcomments&post=243"}],"version-history":[{"count":2,"href":"https:\/\/kaguranutri.com\/index.php?rest_route=\/wp\/v2\/product\/243\/revisions"}],"predecessor-version":[{"id":8521,"href":"https:\/\/kaguranutri.com\/index.php?rest_route=\/wp\/v2\/product\/243\/revisions\/8521"}],"wp:featuredmedia":[{"embeddable":true,"href":"https:\/\/kaguranutri.com\/index.php?rest_route=\/wp\/v2\/media\/8425"}],"wp:attachment":[{"href":"https:\/\/kaguranutri.com\/index.php?rest_route=%2Fwp%2Fv2%2Fmedia&parent=243"}],"wp:term":[{"taxonomy":"product_brand","embeddable":true,"href":"https:\/\/kaguranutri.com\/index.php?rest_route=%2Fwp%2Fv2%2Fproduct_brand&post=243"},{"taxonomy":"product_cat","embeddable":true,"href":"https:\/\/kaguranutri.com\/index.php?rest_route=%2Fwp%2Fv2%2Fproduct_cat&post=243"},{"taxonomy":"product_tag","embeddable":true,"href":"https:\/\/kaguranutri.com\/index.php?rest_route=%2Fwp%2Fv2%2Fproduct_tag&post=243"}],"curies":[{"name":"wp","href":"https:\/\/api.w.org\/{rel}","templated":true}]}}